{"id":96,"date":"2023-07-21T16:09:04","date_gmt":"2023-07-21T14:09:04","guid":{"rendered":"https:\/\/lacourdesmoines.com\/?page_id=96"},"modified":"2024-11-02T10:55:16","modified_gmt":"2024-11-02T09:55:16","slug":"sabrina","status":"publish","type":"page","link":"https:\/\/lacourdesmoines.com\/?page_id=96","title":{"rendered":"Sabrina Bertoncello"},"content":{"rendered":"\n<p>Infirmi\u00e8re DE, je me suis toujours int\u00e9ress\u00e9e aux diff\u00e9rentes approches de la sant\u00e9 physique, mentale et psychique.<br>Les arts \u00e9nerg\u00e9tiques et martiaux chinois, Qigong et Taiji Quan, sont entr\u00e9s dans ma vie il y a plus de 30 ans, et dipl\u00f4m\u00e9e dans les deux disciplines par la F\u00e9d\u00e9ration Fran\u00e7aise des Arts Energ\u00e9tiques et Martiaux Chinois, je les enseigne depuis 20 ans.<br>Parall\u00e8lement, sous l\u2019\u00e9gide de mon mentor, Alain Guerland, qui m\u2019a transmis ses connaissances et son exp\u00e9rience, j\u2019ai d\u00e9velopp\u00e9 mes comp\u00e9tences dans la restauration bio-m\u00e9canique des pertes de mobilit\u00e9 articulaire, des troubles circulatoires et organiques.<br>Les deux approches, chinoise et occidentale sont d\u00e9sormais les supports de ma recherche, de ma pratique, de mon enseignement et de mon approche th\u00e9rapeutique.<\/p>\n\n\n<div class=\"wp-block-image\">\n<figure class=\"aligncenter size-large is-resized\"><img decoding=\"async\" width=\"1128\" height=\"2006\" src=\"https:\/\/lacourdesmoines.com\/wp-content\/uploads\/2024\/09\/c5d2d379-4299-4145-bc86-43f5977ec756-edited.jpg\" alt=\"\" class=\"wp-image-667\" style=\"width:290px;height:auto\" srcset=\"https:\/\/lacourdesmoines.com\/wp-content\/uploads\/2024\/09\/c5d2d379-4299-4145-bc86-43f5977ec756-edited.jpg 1128w, https:\/\/lacourdesmoines.com\/wp-content\/uploads\/2024\/09\/c5d2d379-4299-4145-bc86-43f5977ec756-edited-169x300.jpg 169w, https:\/\/lacourdesmoines.com\/wp-content\/uploads\/2024\/09\/c5d2d379-4299-4145-bc86-43f5977ec756-edited-576x1024.jpg 576w, https:\/\/lacourdesmoines.com\/wp-content\/uploads\/2024\/09\/c5d2d379-4299-4145-bc86-43f5977ec756-edited-768x1366.jpg 768w, https:\/\/lacourdesmoines.com\/wp-content\/uploads\/2024\/09\/c5d2d379-4299-4145-bc86-43f5977ec756-edited-864x1536.jpg 864w\" sizes=\"(max-width: 1128px) 100vw, 1128px\" \/><\/figure><\/div>\n\n\n<p class=\"has-text-align-center\"><strong>Taiji Quan et Qigong<\/strong><\/p>\n\n\n\n<p>J&rsquo;ai v\u00e9cu 10 ans en Italie o\u00f9 j&rsquo; ai suivi l&rsquo;enseignement de Maestro Hermann Di Mauro et de Maestro Andrea Alati, ainsi que de Maestro Alfredo De Somma, et o\u00f9 j&rsquo;ai enseign\u00e9 Taiji Quan et Qigong.<\/p>\n\n\n\n<p>De retour en France, J&rsquo;ai cr\u00e9\u00e9 mon \u00e9cole \u00e0 Cluny, La Spirale d&rsquo;Or, o\u00f9 j&rsquo;enseigne le Qigong et le Taiji Quan.<\/p>\n\n\n\n<p>Je suis devenue \u00e9l\u00e8ve de Ma\u00eetre Wang Xian et ai suivi son enseignement jusqu&rsquo;\u00e0 son d\u00e9c\u00e8s en 2023, ainsi que l&rsquo;enseignement de son disciple, Alain Caudine.<\/p>\n\n\n\n<p>J&rsquo;ai \u00e9galement suivi une formation de plusieurs ann\u00e9es, en Qigong de l&rsquo;Oie Sauvage aupr\u00e8s de Christian Millard, disciple et enseignant agr\u00e9\u00e9 de G. M. Chen Chuan Gang 28\u00e8me d\u00e9positaire de la lign\u00e9e de l&rsquo;Oie Sauvage.<\/p>\n\n\n\n<p>Actuellement j&rsquo;enseigne \u00e0 Cluny, \u00e0 Saint Gengoux de Sciss\u00e9, \u00e0 Senozan et \u00e0 Chissey- l\u00e8s-M\u00e2con.<\/p>\n\n\n\n<p><\/p>\n\n\n\n<p class=\"has-text-align-center\"><strong>Harmonisation Bio- m\u00e9canique<\/strong><\/p>\n\n\n\n<p>Je vous re\u00e7ois sur rendez-vous dans ma salle de soins \u00e0 Prayes, Chissey-l\u00e8s- M\u00e2con. J&rsquo;analyse votre histoire, je prends le temps de l&rsquo;\u00e9coute et de l&rsquo;\u00e9change afin de d\u00e9terminer au mieux l&rsquo;accompagnement et les soins qui vous conviendront.<\/p>\n\n\n\n<figure class=\"wp-block-gallery has-nested-images columns-default is-cropped wp-block-gallery-1 is-layout-flex wp-block-gallery-is-layout-flex\">\n<figure class=\"wp-block-image size-large\"><img decoding=\"async\" width=\"768\" height=\"1024\" data-id=\"647\" src=\"https:\/\/lacourdesmoines.com\/wp-content\/uploads\/2024\/09\/IMG_2967-768x1024.jpeg\" alt=\"\" class=\"wp-image-647\" srcset=\"https:\/\/lacourdesmoines.com\/wp-content\/uploads\/2024\/09\/IMG_2967-768x1024.jpeg 768w, https:\/\/lacourdesmoines.com\/wp-content\/uploads\/2024\/09\/IMG_2967-225x300.jpeg 225w, https:\/\/lacourdesmoines.com\/wp-content\/uploads\/2024\/09\/IMG_2967-1152x1536.jpeg 1152w, https:\/\/lacourdesmoines.com\/wp-content\/uploads\/2024\/09\/IMG_2967-1536x2048.jpeg 1536w, https:\/\/lacourdesmoines.com\/wp-content\/uploads\/2024\/09\/IMG_2967-scaled.jpeg 1920w\" sizes=\"(max-width: 768px) 100vw, 768px\" \/><\/figure>\n<\/figure>\n","protected":false},"excerpt":{"rendered":"<p>Infirmi\u00e8re DE, je me suis toujours int\u00e9ress\u00e9e aux diff\u00e9rentes approches de la sant\u00e9 physique, mentale et psychique.Les arts \u00e9nerg\u00e9tiques et martiaux chinois, Qigong et Taiji Quan, sont entr\u00e9s dans ma vie il y a plus de 30 ans, et dipl\u00f4m\u00e9e dans les deux disciplines par la F\u00e9d\u00e9ration Fran\u00e7aise des Arts Energ\u00e9tiques et Martiaux Chinois, je [&hellip;]<\/p>\n","protected":false},"author":1,"featured_media":0,"parent":0,"menu_order":0,"comment_status":"closed","ping_status":"closed","template":"","meta":{"footnotes":""},"class_list":["post-96","page","type-page","status-publish","hentry"],"_links":{"self":[{"href":"https:\/\/lacourdesmoines.com\/index.php?rest_route=\/wp\/v2\/pages\/96"}],"collection":[{"href":"https:\/\/lacourdesmoines.com\/index.php?rest_route=\/wp\/v2\/pages"}],"about":[{"href":"https:\/\/lacourdesmoines.com\/index.php?rest_route=\/wp\/v2\/types\/page"}],"author":[{"embeddable":true,"href":"https:\/\/lacourdesmoines.com\/index.php?rest_route=\/wp\/v2\/users\/1"}],"replies":[{"embeddable":true,"href":"https:\/\/lacourdesmoines.com\/index.php?rest_route=%2Fwp%2Fv2%2Fcomments&post=96"}],"version-history":[{"count":13,"href":"https:\/\/lacourdesmoines.com\/index.php?rest_route=\/wp\/v2\/pages\/96\/revisions"}],"predecessor-version":[{"id":691,"href":"https:\/\/lacourdesmoines.com\/index.php?rest_route=\/wp\/v2\/pages\/96\/revisions\/691"}],"wp:attachment":[{"href":"https:\/\/lacourdesmoines.com\/index.php?rest_route=%2Fwp%2Fv2%2Fmedia&parent=96"}],"curies":[{"name":"wp","href":"https:\/\/api.w.org\/{rel}","templated":true}]}}