{"id":94,"date":"2023-07-21T16:09:04","date_gmt":"2023-07-21T14:09:04","guid":{"rendered":"https:\/\/lacourdesmoines.com\/?page_id=94"},"modified":"2024-11-02T11:02:17","modified_gmt":"2024-11-02T10:02:17","slug":"taiji","status":"publish","type":"page","link":"https:\/\/lacourdesmoines.com\/?page_id=94","title":{"rendered":"Taiji Quan"},"content":{"rendered":"\n<h3 class=\"wp-block-heading\"><\/h3>\n\n\n\n<p><\/p>\n\n\n\n<h3 class=\"wp-block-heading\"><\/h3>\n\n\n\n<p>Le Taiji Quan est un art martial traditionnel chinois, une technique d\u2019auto-d\u00e9fense, plus connue et pratiqu\u00e9e de nos jours pour ses effets b\u00e9n\u00e9fiques sur la sant\u00e9 physique et mentale.<br>La pratique consiste en l\u2019apprentissage et la r\u00e9p\u00e9tition d\u2019encha\u00eenements de mouvements o\u00f9 s\u2019alternent le Yin et le Yang, le vide et le plein, la souplesse et le dynamisme.<br>Les mouvements se pratiquent \u00ab\u00a0\u00e0 mains nues\u00a0\u00bb ou avec des armes, b\u00e2ton, sabre, \u00e9p\u00e9e, \u00e9ventail, lance. Sa dimension martiale ne doit pas effrayer car il n\u2019y a ni combats, ni chutes : il s\u2019agit plus de comprendre \u00e0 quoi correspond un mouvement dans son application martiale afin de mieux le mettre en \u0153uvre. Le Taiji Quan est souvent d\u00e9fini comme une m\u00e9ditation en mouvement.<\/p>\n\n\n<div class=\"wp-block-image\">\n<figure class=\"aligncenter size-large is-resized\"><img decoding=\"async\" width=\"576\" height=\"1024\" src=\"https:\/\/lacourdesmoines.com\/wp-content\/uploads\/2024\/09\/c3dea67c-e238-4a27-b266-f251fd9e6411-1-576x1024.jpg\" alt=\"\" class=\"wp-image-670\" style=\"width:289px;height:auto\" srcset=\"https:\/\/lacourdesmoines.com\/wp-content\/uploads\/2024\/09\/c3dea67c-e238-4a27-b266-f251fd9e6411-1-576x1024.jpg 576w, https:\/\/lacourdesmoines.com\/wp-content\/uploads\/2024\/09\/c3dea67c-e238-4a27-b266-f251fd9e6411-1-169x300.jpg 169w, https:\/\/lacourdesmoines.com\/wp-content\/uploads\/2024\/09\/c3dea67c-e238-4a27-b266-f251fd9e6411-1-768x1365.jpg 768w, https:\/\/lacourdesmoines.com\/wp-content\/uploads\/2024\/09\/c3dea67c-e238-4a27-b266-f251fd9e6411-1-864x1536.jpg 864w, https:\/\/lacourdesmoines.com\/wp-content\/uploads\/2024\/09\/c3dea67c-e238-4a27-b266-f251fd9e6411-1.jpg 1134w\" sizes=\"(max-width: 576px) 100vw, 576px\" \/><\/figure><\/div>\n\n\n<p>Grand Ma\u00eetre <a href=\"https:\/\/fr.wikipedia.org\/wiki\/Wang_Xian\" target=\"_blank\" rel=\"noreferrer noopener\">Wang Xia<\/a><a href=\"https:\/\/fr.wikipedia.org\/wiki\/Wang_Xian\">n<\/a><\/p>\n\n\n\n<figure class=\"wp-block-embed aligncenter is-type-video is-provider-youtube wp-block-embed-youtube wp-embed-aspect-4-3 wp-has-aspect-ratio\"><div class=\"wp-block-embed__wrapper\">\n<iframe title=\"Taiji Style Chen : Laojia (Yi Lu) execut\u00e9e par Wang Xian\" width=\"640\" height=\"480\" src=\"https:\/\/www.youtube.com\/embed\/H7d5hxSt_7w?feature=oembed\" frameborder=\"0\" allow=\"accelerometer; autoplay; clipboard-write; encrypted-media; gyroscope; picture-in-picture; web-share\" referrerpolicy=\"strict-origin-when-cross-origin\" allowfullscreen><\/iframe>\n<\/div><\/figure>\n\n\n\n<figure class=\"wp-block-embed is-type-video is-provider-youtube wp-block-embed-youtube wp-embed-aspect-4-3 wp-has-aspect-ratio\"><div class=\"wp-block-embed__wrapper\">\n<iframe title=\"Taiji Style Chen : Pao Chui (Laojia Er Lu) execut\u00e9e par Wang Xian\" width=\"640\" height=\"480\" src=\"https:\/\/www.youtube.com\/embed\/U2jrCvSH2_c?start=138&#038;feature=oembed\" frameborder=\"0\" allow=\"accelerometer; autoplay; clipboard-write; encrypted-media; gyroscope; picture-in-picture; web-share\" referrerpolicy=\"strict-origin-when-cross-origin\" allowfullscreen><\/iframe>\n<\/div><\/figure>\n\n\n\n<p>Ma\u00eetre Wang Zhanjun , fils cadet de Ma\u00eetre Wang Xian<\/p>\n\n\n\n<figure class=\"wp-block-embed is-type-video is-provider-youtube wp-block-embed-youtube wp-embed-aspect-16-9 wp-has-aspect-ratio\"><div class=\"wp-block-embed__wrapper\">\n<iframe title=\"Routine One,Old Frame,Chen Style Tai Chi\u2014Zhanjun Wang\" width=\"640\" height=\"360\" src=\"https:\/\/www.youtube.com\/embed\/Wrkm7GZ01iM?start=210&#038;feature=oembed\" frameborder=\"0\" allow=\"accelerometer; autoplay; clipboard-write; encrypted-media; gyroscope; picture-in-picture; web-share\" referrerpolicy=\"strict-origin-when-cross-origin\" allowfullscreen><\/iframe>\n<\/div><\/figure>\n\n\n\n<figure class=\"wp-block-embed is-type-video is-provider-youtube wp-block-embed-youtube wp-embed-aspect-16-9 wp-has-aspect-ratio\"><div class=\"wp-block-embed__wrapper\">\n<iframe title=\"Routine Two,Old Frame,Chen Style Tai Chi - Zhanjun Wang\" width=\"640\" height=\"360\" src=\"https:\/\/www.youtube.com\/embed\/sgDjpKSS5jE?start=16&#038;feature=oembed\" frameborder=\"0\" allow=\"accelerometer; autoplay; clipboard-write; encrypted-media; gyroscope; picture-in-picture; web-share\" referrerpolicy=\"strict-origin-when-cross-origin\" allowfullscreen><\/iframe>\n<\/div><\/figure>\n","protected":false},"excerpt":{"rendered":"<p>Le Taiji Quan est un art martial traditionnel chinois, une technique d\u2019auto-d\u00e9fense, plus connue et pratiqu\u00e9e de nos jours pour ses effets b\u00e9n\u00e9fiques sur la sant\u00e9 physique et mentale.La pratique consiste en l\u2019apprentissage et la r\u00e9p\u00e9tition d\u2019encha\u00eenements de mouvements o\u00f9 s\u2019alternent le Yin et le Yang, le vide et le plein, la souplesse et le [&hellip;]<\/p>\n","protected":false},"author":1,"featured_media":0,"parent":0,"menu_order":0,"comment_status":"closed","ping_status":"closed","template":"","meta":{"footnotes":""},"class_list":["post-94","page","type-page","status-publish","hentry"],"_links":{"self":[{"href":"https:\/\/lacourdesmoines.com\/index.php?rest_route=\/wp\/v2\/pages\/94"}],"collection":[{"href":"https:\/\/lacourdesmoines.com\/index.php?rest_route=\/wp\/v2\/pages"}],"about":[{"href":"https:\/\/lacourdesmoines.com\/index.php?rest_route=\/wp\/v2\/types\/page"}],"author":[{"embeddable":true,"href":"https:\/\/lacourdesmoines.com\/index.php?rest_route=\/wp\/v2\/users\/1"}],"replies":[{"embeddable":true,"href":"https:\/\/lacourdesmoines.com\/index.php?rest_route=%2Fwp%2Fv2%2Fcomments&post=94"}],"version-history":[{"count":19,"href":"https:\/\/lacourdesmoines.com\/index.php?rest_route=\/wp\/v2\/pages\/94\/revisions"}],"predecessor-version":[{"id":689,"href":"https:\/\/lacourdesmoines.com\/index.php?rest_route=\/wp\/v2\/pages\/94\/revisions\/689"}],"wp:attachment":[{"href":"https:\/\/lacourdesmoines.com\/index.php?rest_route=%2Fwp%2Fv2%2Fmedia&parent=94"}],"curies":[{"name":"wp","href":"https:\/\/api.w.org\/{rel}","templated":true}]}}