{"id":588,"date":"2024-08-06T17:06:29","date_gmt":"2024-08-06T15:06:29","guid":{"rendered":"https:\/\/lacourdesmoines.com\/?page_id=588"},"modified":"2024-08-28T08:54:24","modified_gmt":"2024-08-28T06:54:24","slug":"liens","status":"publish","type":"page","link":"https:\/\/lacourdesmoines.com\/?page_id=588","title":{"rendered":"Liens"},"content":{"rendered":"\n<p><a href=\"http:\/\/laspiraledor.eu\" target=\"_blank\" rel=\"noreferrer noopener\">La spirale d&rsquo;or, \u00e9cole de Qigong \u00e0 Cluny<\/a><\/p>\n\n\n\n<p><a href=\"https:\/\/www.taijidespierresdorees.fr\/\">Taiji des Pierres Dor\u00e9es<\/a><\/p>\n\n\n\n<p><\/p>\n","protected":false},"excerpt":{"rendered":"<p>La spirale d&rsquo;or, \u00e9cole de Qigong \u00e0 Cluny Taiji des Pierres Dor\u00e9es<\/p>\n","protected":false},"author":1,"featured_media":0,"parent":0,"menu_order":0,"comment_status":"closed","ping_status":"closed","template":"","meta":{"footnotes":""},"class_list":["post-588","page","type-page","status-publish","hentry"],"_links":{"self":[{"href":"https:\/\/lacourdesmoines.com\/index.php?rest_route=\/wp\/v2\/pages\/588"}],"collection":[{"href":"https:\/\/lacourdesmoines.com\/index.php?rest_route=\/wp\/v2\/pages"}],"about":[{"href":"https:\/\/lacourdesmoines.com\/index.php?rest_route=\/wp\/v2\/types\/page"}],"author":[{"embeddable":true,"href":"https:\/\/lacourdesmoines.com\/index.php?rest_route=\/wp\/v2\/users\/1"}],"replies":[{"embeddable":true,"href":"https:\/\/lacourdesmoines.com\/index.php?rest_route=%2Fwp%2Fv2%2Fcomments&post=588"}],"version-history":[{"count":3,"href":"https:\/\/lacourdesmoines.com\/index.php?rest_route=\/wp\/v2\/pages\/588\/revisions"}],"predecessor-version":[{"id":612,"href":"https:\/\/lacourdesmoines.com\/index.php?rest_route=\/wp\/v2\/pages\/588\/revisions\/612"}],"wp:attachment":[{"href":"https:\/\/lacourdesmoines.com\/index.php?rest_route=%2Fwp%2Fv2%2Fmedia&parent=588"}],"curies":[{"name":"wp","href":"https:\/\/api.w.org\/{rel}","templated":true}]}}