{"id":522,"date":"2024-08-06T14:18:12","date_gmt":"2024-08-06T12:18:12","guid":{"rendered":"https:\/\/lacourdesmoines.com\/?page_id=522"},"modified":"2024-09-21T09:54:32","modified_gmt":"2024-09-21T07:54:32","slug":"harmonisation-bio-mecanique","status":"publish","type":"page","link":"https:\/\/lacourdesmoines.com\/?page_id=522","title":{"rendered":"Harmonisation Bio-m\u00e9canique et Energ\u00e9tique"},"content":{"rendered":"\n<p>\u00ab\u00a0 l\u2019art de la th\u00e9rapie manuelle est ancien ; j\u2019estime beaucoup ceux qui l\u2019ont d\u00e9couvert, ainsi que ceux qui, de g\u00e9n\u00e9ration en g\u00e9n\u00e9ration me succ\u00e9deront, et dont les travaux contribueront au d\u00e9veloppement de l\u2019art de gu\u00e9rir\u00a0\u00bb<br>Hypocrate, 435 av JC.<\/p>\n\n\n\n<p><strong>La th\u00e9rapie manuelle <\/strong>fait partie du courant des m\u00e9decines alternatives holistiques qui consid\u00e8rent l\u2019\u00eatre humain dans sa globalit\u00e9. Elle tend au r\u00e9tablissement et au maintien de l\u2019int\u00e9grit\u00e9 des diff\u00e9rentes structures et fonctions qui composent l\u2019organisme.<\/p>\n\n\n\n<p>L\u2019application de la th\u00e9rapie manuelle est le r\u00e9sultat d\u2019un raisonnement m\u00e9caniste fond\u00e9 sur l\u2019\u00e9tude de ces structures et fonctions, et de leurs interactions, ainsi que sur l\u2019analyse des sympt\u00f4mes en pr\u00e9sence et de l\u2019histoire personnelle du patient. Ce raisonnement permet de d\u00e9terminer et de traiter la \u00ab&nbsp;l\u00e9sion causale&nbsp;\u00bb d\u2019une pathologie.<\/p>\n\n\n\n<p>Le th\u00e9rapeute se sert de ses mains pour obtenir une action m\u00e9canique. Il utilise des techniques de lib\u00e9ration, de stimulation et de normalisation qui agissent sur les l\u00e9sions m\u00e9caniques articulaires et vasculaires et sur la r\u00e9gulation nerveuse et hormonale.<br>Ces techniques sont au service d\u2019une r\u00e9flexion o\u00f9 le sympt\u00f4me est l\u2019expression d\u2019un d\u00e9sordre dans l\u2019\u00e9quilibre des syst\u00e8mes.<\/p>\n\n\n\n<p class=\"has-text-align-center\"><strong>Le th\u00e9rapeute n\u2019est pas un m\u00e9decin,<br>il est le m\u00e9canicien du corps humain consid\u00e9r\u00e9 dans sa globalit\u00e9.<\/strong><\/p>\n\n\n\n<p>Les d\u00e9s\u00e9quilibres, d\u00e9sordres et maladies r\u00e9sultent de nos interactions avec le monde ext\u00e9rieur, ainsi que des manquements \u00e0 notre hygi\u00e8ne de vie et peuvent s&rsquo;installer dans le temps : une forme d&rsquo;\u00e9quilibre dans le d\u00e9s\u00e9quilibre&#8230; Une harmonisation globale devient alors n\u00e9cessaire pour retrouver l&rsquo;int\u00e9grit\u00e9 physique et psychique et tendre vers la perfection par rapport \u00e0 notre potentiel originel. Une intervention symptomatique peut aussi s&rsquo;av\u00e9rer n\u00e9cessaire apr\u00e8s un incident r\u00e9cent ou aigu.<\/p>\n\n\n\n<p><strong>L\u2019objectif de l\u2019harmonisation \u00e9nerg\u00e9tique<\/strong> est de nettoyer, dra\u00eener, d\u2019accumuler et distribuer l\u2019\u00e9nergie. L\u2019\u00e9nergie, pr\u00e9sente dans l\u2019univers est absorb\u00e9e et transform\u00e9e en \u00e9nergie vitale par notre usine \u00e9nerg\u00e9tique : respiration, digestion, activit\u00e9 physique.<br>C\u2019est la distribution harmonieuse d\u2019\u00e9nergie vitale dans l\u2019organisme qui permet le bon fonctionnement de celui-ci. Les diff\u00e9rents moyens utilis\u00e9s vont permettre de restaurer et d\u2019augmenter la vitalit\u00e9, de favoriser la bonne circulation du Qi dans tout l\u2019organisme. Les techniques traditionnelles chinoises qui permettent d\u2019agir sur l\u2019\u00e9nergie : l\u2019acupuncture, le massage, la di\u00e9t\u00e9tique, la phytoth\u00e9rapie, le Qigong et le Taiji Quan, bas\u00e9s sur les principes de la m\u00e9decine traditionnelle chinoise et le Tao\u00efsme.<\/p>\n","protected":false},"excerpt":{"rendered":"<p>\u00ab\u00a0 l\u2019art de la th\u00e9rapie manuelle est ancien ; j\u2019estime beaucoup ceux qui l\u2019ont d\u00e9couvert, ainsi que ceux qui, de g\u00e9n\u00e9ration en g\u00e9n\u00e9ration me succ\u00e9deront, et dont les travaux contribueront au d\u00e9veloppement de l\u2019art de gu\u00e9rir\u00a0\u00bbHypocrate, 435 av JC. La th\u00e9rapie manuelle fait partie du courant des m\u00e9decines alternatives holistiques qui consid\u00e8rent l\u2019\u00eatre humain dans [&hellip;]<\/p>\n","protected":false},"author":1,"featured_media":0,"parent":0,"menu_order":0,"comment_status":"closed","ping_status":"closed","template":"","meta":{"footnotes":""},"class_list":["post-522","page","type-page","status-publish","hentry"],"_links":{"self":[{"href":"https:\/\/lacourdesmoines.com\/index.php?rest_route=\/wp\/v2\/pages\/522"}],"collection":[{"href":"https:\/\/lacourdesmoines.com\/index.php?rest_route=\/wp\/v2\/pages"}],"about":[{"href":"https:\/\/lacourdesmoines.com\/index.php?rest_route=\/wp\/v2\/types\/page"}],"author":[{"embeddable":true,"href":"https:\/\/lacourdesmoines.com\/index.php?rest_route=\/wp\/v2\/users\/1"}],"replies":[{"embeddable":true,"href":"https:\/\/lacourdesmoines.com\/index.php?rest_route=%2Fwp%2Fv2%2Fcomments&post=522"}],"version-history":[{"count":10,"href":"https:\/\/lacourdesmoines.com\/index.php?rest_route=\/wp\/v2\/pages\/522\/revisions"}],"predecessor-version":[{"id":684,"href":"https:\/\/lacourdesmoines.com\/index.php?rest_route=\/wp\/v2\/pages\/522\/revisions\/684"}],"wp:attachment":[{"href":"https:\/\/lacourdesmoines.com\/index.php?rest_route=%2Fwp%2Fv2%2Fmedia&parent=522"}],"curies":[{"name":"wp","href":"https:\/\/api.w.org\/{rel}","templated":true}]}}