{"id":391,"date":"2022-09-08T07:25:19","date_gmt":"2022-09-08T07:25:19","guid":{"rendered":"http:\/\/flora-formula.awplife.com\/demo\/?page_id=2"},"modified":"2024-11-03T14:09:26","modified_gmt":"2024-11-03T13:09:26","slug":"sample-page","status":"publish","type":"page","link":"https:\/\/lacourdesmoines.com\/","title":{"rendered":"Pr\u00e8s de Cluny, en Sa\u00f4ne et Loire,"},"content":{"rendered":"\n<p class=\"has-text-align-left\"><a href=\"https:\/\/lacourdesmoines.com\/?page_id=96\" data-type=\"page\" data-id=\"96\">Sabrina Bertoncello<\/a> vous propose des cours de <a href=\"https:\/\/lacourdesmoines.com\/?page_id=560\" data-type=\"page\" data-id=\"560\">Qi Gong<\/a> et de <a href=\"https:\/\/lacourdesmoines.com\/?page_id=94\">Taiji Quan<\/a> ainsi que des soins individuels o\u00f9 la relation d&rsquo;aide et d&rsquo;accompagnement s&rsquo;appuie sur les<a href=\"https:\/\/lacourdesmoines.com\/?page_id=522\"> th\u00e9rapies biom\u00e9canique et \u00e9nerg\u00e9tique.<\/a><\/p>\n\n\n\n<p>La sant\u00e9, la long\u00e9vit\u00e9, le bonheur r\u00e9sultent d\u2019une vie en \u00e9quilibre, en accord avec soi-m\u00eame et ce qui nous entoure, d&rsquo;une vie harmonieuse.<br>L\u2019univers est en mouvement perp\u00e9tuel, nous sommes en mouvement perp\u00e9tuel : mouvements internes de nos cellules, de notre Qi (\u00e9nergie), de notre sang, mouvements externes dans l\u2019espace et le temps.<br>Nous sommes ainsi en constante interaction avec le monde qui nous entoure.<br>Ces interactions peuvent \u00eatre b\u00e9n\u00e9fiques mais peuvent aussi nuire \u00e0 notre \u00e9quilibre.<br>Ce que nous sommes, nos choix, notre fa\u00e7on de vivre, ce que nous vivons, comment nous le vivons, ce vers quoi nous tendons, d\u00e9terminent notre sant\u00e9 physique et psychique.<\/p>\n\n\n\n<p>Mon objectif est de faire comprendre les enjeux de l\u2019harmonisation bio- m\u00e9canique, \u00e9nerg\u00e9tique et psychique, afin que chacun devienne l\u2019acteur de ce processus de d\u00e9veloppement personnel pour le bien \u00eatre et la sant\u00e9, de proposer des outils de r\u00e9flexion et d\u2019action, pr\u00e9mices \u00e0 un travail r\u00e9gulier, profond et sinc\u00e8re, vers l\u2019\u00e9tat d\u2019harmonie dans lequel les mouvements seront fluides, non entrav\u00e9s: mouvements du corps internes et externes : sang, muscles, articulations  ; mouvements de l\u2019\u00e9nergie: Qi, souffle, dynamisme, vitalit\u00e9 ; mouvements de l\u2019esprit: mental, \u00e9motions, spiritualit\u00e9.<br>Un \u00e9tat d\u2019unit\u00e9 entre nous et nous-m\u00eames, entre nous et autrui, entre nous et l&rsquo;univers.<\/p>\n\n\n\n<p><strong>Les cours et s\u00e9ances se d\u00e9roulent \u00e0 <a href=\"https:\/\/fr.wikipedia.org\/wiki\/Chissey-l%C3%A8s-M%C3%A2con\">Chissey l\u00e8s M\u00e2con<\/a><\/strong>, \u00e0<a href=\"https:\/\/www.cylex-locale.fr\/carte\/cluny\/rue+des+tanneries.html\"> Cluny<\/a>, \u00e0 <a href=\"https:\/\/www.mairie-senozan.fr\/evasion-foyer-rural-de-senozan\">Senozan<\/a>, et Saint Gengoux de Sciss\u00e9.<\/p>\n\n\n\n<p><a href=\"https:\/\/lacourdesmoines.com\/?page_id=524\" data-type=\"page\" data-id=\"524\">Infos pratiques<\/a><\/p>\n\n\n\n<figure class=\"wp-block-gallery has-nested-images columns-default is-cropped wp-block-gallery-1 is-layout-flex wp-block-gallery-is-layout-flex\">\n<figure class=\"wp-block-image size-large\"><img decoding=\"async\" width=\"768\" height=\"1024\" data-id=\"657\" src=\"https:\/\/lacourdesmoines.com\/wp-content\/uploads\/2024\/09\/IMG_2973-768x1024.jpeg\" alt=\"\" class=\"wp-image-657\" srcset=\"https:\/\/lacourdesmoines.com\/wp-content\/uploads\/2024\/09\/IMG_2973-768x1024.jpeg 768w, https:\/\/lacourdesmoines.com\/wp-content\/uploads\/2024\/09\/IMG_2973-225x300.jpeg 225w, https:\/\/lacourdesmoines.com\/wp-content\/uploads\/2024\/09\/IMG_2973-1152x1536.jpeg 1152w, https:\/\/lacourdesmoines.com\/wp-content\/uploads\/2024\/09\/IMG_2973-1536x2048.jpeg 1536w, https:\/\/lacourdesmoines.com\/wp-content\/uploads\/2024\/09\/IMG_2973-scaled.jpeg 1920w\" sizes=\"(max-width: 768px) 100vw, 768px\" \/><\/figure>\n<\/figure>\n\n\n\n<p><\/p>\n","protected":false},"excerpt":{"rendered":"<p>Sabrina Bertoncello vous propose des cours de Qi Gong et de Taiji Quan ainsi que des soins individuels o\u00f9 la relation d&rsquo;aide et d&rsquo;accompagnement s&rsquo;appuie sur les th\u00e9rapies biom\u00e9canique et \u00e9nerg\u00e9tique. La sant\u00e9, la long\u00e9vit\u00e9, le bonheur r\u00e9sultent d\u2019une vie en \u00e9quilibre, en accord avec soi-m\u00eame et ce qui nous entoure, d&rsquo;une vie harmonieuse.L\u2019univers est [&hellip;]<\/p>\n","protected":false},"author":1,"featured_media":0,"parent":0,"menu_order":0,"comment_status":"closed","ping_status":"open","template":"","meta":{"footnotes":""},"class_list":["post-391","page","type-page","status-publish","hentry"],"_links":{"self":[{"href":"https:\/\/lacourdesmoines.com\/index.php?rest_route=\/wp\/v2\/pages\/391"}],"collection":[{"href":"https:\/\/lacourdesmoines.com\/index.php?rest_route=\/wp\/v2\/pages"}],"about":[{"href":"https:\/\/lacourdesmoines.com\/index.php?rest_route=\/wp\/v2\/types\/page"}],"author":[{"embeddable":true,"href":"https:\/\/lacourdesmoines.com\/index.php?rest_route=\/wp\/v2\/users\/1"}],"replies":[{"embeddable":true,"href":"https:\/\/lacourdesmoines.com\/index.php?rest_route=%2Fwp%2Fv2%2Fcomments&post=391"}],"version-history":[{"count":34,"href":"https:\/\/lacourdesmoines.com\/index.php?rest_route=\/wp\/v2\/pages\/391\/revisions"}],"predecessor-version":[{"id":693,"href":"https:\/\/lacourdesmoines.com\/index.php?rest_route=\/wp\/v2\/pages\/391\/revisions\/693"}],"wp:attachment":[{"href":"https:\/\/lacourdesmoines.com\/index.php?rest_route=%2Fwp%2Fv2%2Fmedia&parent=391"}],"curies":[{"name":"wp","href":"https:\/\/api.w.org\/{rel}","templated":true}]}}